{"id":78,"date":"2017-12-12T11:24:21","date_gmt":"2017-12-12T15:24:21","guid":{"rendered":"http:\/\/ayuntamiento.guineo\/transparencia\/?page_id=78"},"modified":"2018-10-03T23:06:01","modified_gmt":"2018-10-04T03:06:01","slug":"definicion-oaim-oficina-de-acceso-a-la-informacion-municipal","status":"publish","type":"page","link":"https:\/\/ayuntamientobaitoa.gob.do\/transparencia\/definicion-oaim-oficina-de-acceso-a-la-informacion-municipal\/","title":{"rendered":"Definici\u00f3n OAIM (Oficina de Acceso a la Informaci\u00f3n Municipal)"},"content":{"rendered":"<p><span style=\"font-weight: 400\">El departamento de Libre Acceso a la Informaci\u00f3n P\u00fablica del ayuntamiento de Baitoa <\/span><span style=\"font-weight: 400\">Garantiza el derecho de acceso a la informaci\u00f3n p\u00fablica, promoviendo los principios de \u00e9tica y transparencia en la administraci\u00f3n estatal, mediante la entrega de informaci\u00f3n actualizada, de oficio o a solicitud de parte interesada\u201d.<\/span><\/p>\n","protected":false},"excerpt":{"rendered":"El departamento de Libre Acceso a la Informaci\u00f3n P\u00fablica del ayuntamiento de Baitoa Garantiza el derecho de acceso a la informaci\u00f3n p\u00fablica, promoviendo los principios de \u00e9tica y transparencia en la administraci\u00f3n estatal, mediante la entrega de informaci\u00f3n actualizada, de oficio o a solicitud de parte interesada\u201d.","protected":false},"author":3,"featured_media":0,"parent":0,"menu_order":0,"comment_status":"closed","ping_status":"closed","template":"","meta":[],"_links":{"self":[{"href":"https:\/\/ayuntamientobaitoa.gob.do\/transparencia\/wp-json\/wp\/v2\/pages\/78"}],"collection":[{"href":"https:\/\/ayuntamientobaitoa.gob.do\/transparencia\/wp-json\/wp\/v2\/pages"}],"about":[{"href":"https:\/\/ayuntamientobaitoa.gob.do\/transparencia\/wp-json\/wp\/v2\/types\/page"}],"author":[{"embeddable":true,"href":"https:\/\/ayuntamientobaitoa.gob.do\/transparencia\/wp-json\/wp\/v2\/users\/3"}],"replies":[{"embeddable":true,"href":"https:\/\/ayuntamientobaitoa.gob.do\/transparencia\/wp-json\/wp\/v2\/comments?post=78"}],"version-history":[{"count":4,"href":"https:\/\/ayuntamientobaitoa.gob.do\/transparencia\/wp-json\/wp\/v2\/pages\/78\/revisions"}],"predecessor-version":[{"id":701,"href":"https:\/\/ayuntamientobaitoa.gob.do\/transparencia\/wp-json\/wp\/v2\/pages\/78\/revisions\/701"}],"wp:attachment":[{"href":"https:\/\/ayuntamientobaitoa.gob.do\/transparencia\/wp-json\/wp\/v2\/media?parent=78"}],"curies":[{"name":"wp","href":"https:\/\/api.w.org\/{rel}","templated":true}]}}