{"id":258,"date":"2018-01-22T10:17:40","date_gmt":"2018-01-22T14:17:40","guid":{"rendered":"http:\/\/alcaldiabaitoa.gob.do\/transparencia\/?page_id=258"},"modified":"2025-09-11T12:26:22","modified_gmt":"2025-09-11T16:26:22","slug":"responsable-de-acceso-a-la-informacion","status":"publish","type":"page","link":"https:\/\/ayuntamientobaitoa.gob.do\/transparencia\/responsable-de-acceso-a-la-informacion\/","title":{"rendered":"Responsable de Acceso a la Informaci\u00f3n"},"content":{"rendered":"<h2><span style=\"color: #34495e\">CONTACTO RAI<\/span><\/h2>\n<table style=\"width: 100%\">\n<tbody>\n<tr>\n<td style=\"width: 46.7857%\" align=\"center\" bgcolor=\"#CCEEFF\" width=\"500px\"><b><span style=\"color: #34495e\">Encargada:<\/span><\/b><\/td>\n<td style=\"width: 52.7381%\" align=\"center\" bgcolor=\"#CCEEFF\" width=\"500px\"><span style=\"color: #34495e\"><b>Yuleysi Rodriguez&nbsp;Guti\u00e9rrez<\/b><\/span><\/td>\n<\/tr>\n<tr>\n<td style=\"width: 46.7857%\" align=\"center\" bgcolor=\"#fff\" width=\"500px\"><b><span style=\"color: #34495e\">Tel\u00e9fono:<\/span><\/b><\/td>\n<td style=\"width: 52.7381%\" align=\"center\" bgcolor=\"#fff\" width=\"500px\"><b><span style=\"color: #34495e\">Tel: (809) 587-0399 | Cel: (829) 767-4024<\/span><\/b><\/td>\n<\/tr>\n<tr>\n<td style=\"width: 46.7857%\" align=\"center\" bgcolor=\"#CCEEFF\" width=\"500px\"><span style=\"color: #34495e\"><span style=\"color: #34495e\"><b>Correo Electr\u00f3nico:<\/b><\/span><\/span><\/td>\n<td style=\"width: 52.7381%\" align=\"center\" bgcolor=\"#CCEEFF\" width=\"450px\"><b><span style=\"color: #34495e\">ayuntamientombaitoa@gmail.com<\/span><\/b><\/td>\n<\/tr>\n<tr>\n<td style=\"width: 46.7857%\" align=\"center\" bgcolor=\"#CCEEFF\" width=\"500px\"><span style=\"color: #34495e\"><span style=\"color: #34495e\"><b>Direcci\u00f3n:<\/b><\/span><\/span><\/td>\n<td style=\"width: 52.7381%\" align=\"center\" bgcolor=\"#CCEEFF\" width=\"450px\"><b><span style=\"color: #34495e\">Calle \u00c1frica N\u00fa\u00f1ez #70, Frente al Cuartel Municipal, Baitoa, R.D<\/span><\/b><\/td>\n<\/tr>\n<tr>\n<td style=\"width: 46.7857%\" align=\"center\" width=\"500px\">&nbsp;<\/td>\n<td style=\"width: 52.7381%\" align=\"center\" width=\"500px\">&nbsp;<\/td>\n<\/tr>\n<\/tbody>\n<\/table>\n\n\n\n\n<figure class=\"wp-block-gallery has-nested-images columns-default is-cropped\">\n<figure class=\"wp-block-image is-style-default\"><img loading=\"lazy\" width=\"960\" height=\"1280\" data-id=\"3173\"  src=\"http:\/\/ayuntamientobaitoa.gob.do\/transparencia\/wp-content\/uploads\/2025\/07\/Imagen-de-WhatsApp-2025-07-03-a-las-10.27.54_c8af649e.jpg\" alt=\"\" class=\"wp-image-3173\" srcset=\"https:\/\/ayuntamientobaitoa.gob.do\/transparencia\/wp-content\/uploads\/2025\/07\/Imagen-de-WhatsApp-2025-07-03-a-las-10.27.54_c8af649e.jpg 960w, https:\/\/ayuntamientobaitoa.gob.do\/transparencia\/wp-content\/uploads\/2025\/07\/Imagen-de-WhatsApp-2025-07-03-a-las-10.27.54_c8af649e-250x333.jpg 250w, https:\/\/ayuntamientobaitoa.gob.do\/transparencia\/wp-content\/uploads\/2025\/07\/Imagen-de-WhatsApp-2025-07-03-a-las-10.27.54_c8af649e-700x933.jpg 700w, https:\/\/ayuntamientobaitoa.gob.do\/transparencia\/wp-content\/uploads\/2025\/07\/Imagen-de-WhatsApp-2025-07-03-a-las-10.27.54_c8af649e-768x1024.jpg 768w, https:\/\/ayuntamientobaitoa.gob.do\/transparencia\/wp-content\/uploads\/2025\/07\/Imagen-de-WhatsApp-2025-07-03-a-las-10.27.54_c8af649e-120x160.jpg 120w\" sizes=\"(max-width: 960px) 100vw, 960px\" \/><\/figure>\n\n\n\n<figure class=\"wp-block-image\"><img loading=\"lazy\" width=\"960\" height=\"1280\" data-id=\"3171\"  src=\"http:\/\/ayuntamientobaitoa.gob.do\/transparencia\/wp-content\/uploads\/2025\/07\/Imagen-de-WhatsApp-2025-07-03-a-las-10.27.54_5c45e430.jpg\" alt=\"\" class=\"wp-image-3171\" srcset=\"https:\/\/ayuntamientobaitoa.gob.do\/transparencia\/wp-content\/uploads\/2025\/07\/Imagen-de-WhatsApp-2025-07-03-a-las-10.27.54_5c45e430.jpg 960w, https:\/\/ayuntamientobaitoa.gob.do\/transparencia\/wp-content\/uploads\/2025\/07\/Imagen-de-WhatsApp-2025-07-03-a-las-10.27.54_5c45e430-250x333.jpg 250w, https:\/\/ayuntamientobaitoa.gob.do\/transparencia\/wp-content\/uploads\/2025\/07\/Imagen-de-WhatsApp-2025-07-03-a-las-10.27.54_5c45e430-700x933.jpg 700w, https:\/\/ayuntamientobaitoa.gob.do\/transparencia\/wp-content\/uploads\/2025\/07\/Imagen-de-WhatsApp-2025-07-03-a-las-10.27.54_5c45e430-768x1024.jpg 768w, https:\/\/ayuntamientobaitoa.gob.do\/transparencia\/wp-content\/uploads\/2025\/07\/Imagen-de-WhatsApp-2025-07-03-a-las-10.27.54_5c45e430-120x160.jpg 120w\" sizes=\"(max-width: 960px) 100vw, 960px\" \/><\/figure>\n<\/figure>\n","protected":false},"excerpt":{"rendered":"CONTACTO RAI Encargada: Yuleysi Rodriguez&nbsp;Guti\u00e9rrez Tel\u00e9fono: Tel: (809) 587-0399 | Cel: (829) 767-4024 Correo Electr\u00f3nico: ayuntamientombaitoa@gmail.com Direcci\u00f3n: Calle \u00c1frica N\u00fa\u00f1ez #70, Frente al Cuartel Municipal, Baitoa, R.D &nbsp; &nbsp;","protected":false},"author":3,"featured_media":0,"parent":0,"menu_order":0,"comment_status":"closed","ping_status":"closed","template":"","meta":[],"_links":{"self":[{"href":"https:\/\/ayuntamientobaitoa.gob.do\/transparencia\/wp-json\/wp\/v2\/pages\/258"}],"collection":[{"href":"https:\/\/ayuntamientobaitoa.gob.do\/transparencia\/wp-json\/wp\/v2\/pages"}],"about":[{"href":"https:\/\/ayuntamientobaitoa.gob.do\/transparencia\/wp-json\/wp\/v2\/types\/page"}],"author":[{"embeddable":true,"href":"https:\/\/ayuntamientobaitoa.gob.do\/transparencia\/wp-json\/wp\/v2\/users\/3"}],"replies":[{"embeddable":true,"href":"https:\/\/ayuntamientobaitoa.gob.do\/transparencia\/wp-json\/wp\/v2\/comments?post=258"}],"version-history":[{"count":7,"href":"https:\/\/ayuntamientobaitoa.gob.do\/transparencia\/wp-json\/wp\/v2\/pages\/258\/revisions"}],"predecessor-version":[{"id":3224,"href":"https:\/\/ayuntamientobaitoa.gob.do\/transparencia\/wp-json\/wp\/v2\/pages\/258\/revisions\/3224"}],"wp:attachment":[{"href":"https:\/\/ayuntamientobaitoa.gob.do\/transparencia\/wp-json\/wp\/v2\/media?parent=258"}],"curies":[{"name":"wp","href":"https:\/\/api.w.org\/{rel}","templated":true}]}}